{"id":22488,"date":"2020-11-26T09:29:07","date_gmt":"2020-11-26T08:29:07","guid":{"rendered":"https:\/\/artesaniawood.com\/my-account\/"},"modified":"2025-01-02T09:34:40","modified_gmt":"2025-01-02T08:34:40","slug":"my-account","status":"publish","type":"page","link":"https:\/\/artesaniawood.com\/en\/my-account\/","title":{"rendered":"My account"},"content":{"rendered":"<div class=\"woocommerce\"><div class=\"woocommerce-notices-wrapper\"><\/div>\n<div class=\"wd-registration-page wd-register-tabs\">\n\n\n<div class=\"row\" id=\"customer_login\">\n\n\t<div class=\"col-12 col-md-6 col-login\">\n\n\n\t\t<h2 class=\"wd-login-title\">Login<\/h2>\n\n\t\t\t\t\t<form method=\"post\" class=\"login woocommerce-form woocommerce-form-login\r\n\t\t\t\t\t\t\" action=\"https:\/\/artesaniawood.com\/en\/my-account\/?action=login\" \t\t\t>\r\n\r\n\t\t\t\t\r\n\t\t\t\t\r\n\t\t\t\t<p class=\"woocommerce-FormRow woocommerce-FormRow--wide form-row form-row-wide form-row-username\">\r\n\t\t\t\t\t<label for=\"username\">Username or email address&nbsp;<span class=\"required\">*<\/span><\/label>\r\n\t\t\t\t\t<input type=\"text\" class=\"woocommerce-Input woocommerce-Input--text input-text\" name=\"username\" id=\"username\" value=\"\" \/>\t\t\t\t<\/p>\r\n\t\t\t\t<p class=\"woocommerce-FormRow woocommerce-FormRow--wide form-row form-row-wide form-row-password\">\r\n\t\t\t\t\t<label for=\"password\">Password&nbsp;<span class=\"required\">*<\/span><\/label>\r\n\t\t\t\t\t<input class=\"woocommerce-Input woocommerce-Input--text input-text\" type=\"password\" name=\"password\" id=\"password\" autocomplete=\"current-password\" \/>\r\n\t\t\t\t<\/p>\r\n\r\n\t\t\t\t\r\n\t\t\t\t<p class=\"form-row\">\r\n\t\t\t\t\t<input type=\"hidden\" id=\"woocommerce-login-nonce\" name=\"woocommerce-login-nonce\" value=\"e50ec6a74d\" \/><input type=\"hidden\" name=\"_wp_http_referer\" value=\"\/en\/wp-json\/wp\/v2\/pages\/22488\" \/>\t\t\t\t\t\t\t\t\t\t<button type=\"submit\" class=\"button woocommerce-button woocommerce-form-login__submit\" name=\"login\" value=\"Log in\">Log in<\/button>\r\n\t\t\t\t<\/p>\r\n\r\n\t\t\t\t<p class=\"login-form-footer\">\r\n\t\t\t\t\t<a href=\"https:\/\/artesaniawood.com\/en\/my-account\/lost-password\/\" class=\"woocommerce-LostPassword lost_password\">Lost your password?<\/a>\r\n\t\t\t\t\t<label class=\"woocommerce-form__label woocommerce-form__label-for-checkbox woocommerce-form-login__rememberme\">\r\n\t\t\t\t\t\t<input class=\"woocommerce-form__input woocommerce-form__input-checkbox\" name=\"rememberme\" type=\"checkbox\" value=\"forever\" title=\"Remember me\" aria-label=\"Remember me\" \/> <span>Remember me<\/span>\r\n\t\t\t\t\t<\/label>\r\n\t\t\t\t<\/p>\r\n\r\n\t\t\t\t\r\n\t\t\t\t\t\t\t<\/form>\r\n\r\n\t\t\n\n\t<\/div>\n\n\t<div class=\"col-12 col-md-6 col-register\">\n\n\t\t<h2 class=\"wd-login-title\">Register<\/h2>\n\n\t\t<form method=\"post\" action=\"https:\/\/artesaniawood.com\/en\/my-account\/?action=register\" class=\"woocommerce-form woocommerce-form-register register\"  >\n\n\t\t\t\n\t\t\t\n\t\t\t<p class=\"woocommerce-form-row woocommerce-form-row--wide form-row form-row-wide\">\n\t\t\t\t<label for=\"reg_email\">Email address&nbsp;<span class=\"required\">*<\/span><\/label>\n\t\t\t\t<input type=\"email\" class=\"woocommerce-Input woocommerce-Input--text input-text\" name=\"email\" id=\"reg_email\" autocomplete=\"email\" value=\"\" \/>\t\t\t<\/p>\n\n\t\t\t\n\t\t\t\t<p>A link to set a new password will be sent to your email address.<\/p>\n\n\t\t\t\n\t\t\t<!-- Spam Trap -->\n\t\t\t<div style=\"left: -999em; position: absolute;\"><label for=\"trap\">Anti-spam<\/label><input type=\"text\" name=\"email_2\" id=\"trap\" tabindex=\"-1\" \/><\/div>\n\n\t\t\t<wc-order-attribution-inputs><\/wc-order-attribution-inputs><div class=\"woocommerce-privacy-policy-text\"><p>Dane osobowe u\u017cytkownika b\u0119d\u0105 wykorzystywane w celu u\u0142atwienia korzystania z tej witryny, zarz\u0105dzania dost\u0119pem do konta u\u017cytkownika oraz w innych celach opisanych w naszej polityce prywatno\u015bci. <a href=\"https:\/\/artesaniawood.com\/polityka-prywatnosci\/\" class=\"woocommerce-privacy-policy-link\" target=\"_blank\">privacy policy<\/a>.<\/p>\n<\/div>\n\t\t\t<p class=\"woocommerce-form-row form-row\">\n\t\t\t\t<input type=\"hidden\" id=\"woocommerce-register-nonce\" name=\"woocommerce-register-nonce\" value=\"426c19aa69\" \/><input type=\"hidden\" name=\"_wp_http_referer\" value=\"\/en\/wp-json\/wp\/v2\/pages\/22488\" \/>\t\t\t\t<button type=\"submit\" class=\"woocommerce-Button woocommerce-button button\" name=\"register\" value=\"Register\">Register<\/button>\n\t\t\t<\/p>\n\n\t\t\t\n\t\t<\/form>\n\n\t<\/div>\n\n\t\t\t<div class=\"col-12 col-md-6 col-register-text\">\n\n\t\t\t<p class=\"title wd-login-divider \"><span>Or<\/span><\/p>\n\n\t\t\t\n\t\t\t\t\t\t\t<h2 class=\"wd-login-title\">Rejestracja<\/h2>\n\t\t\t\n\t\t\t\n\t\t\t\t\t\t\t<div class=\"registration-info\">Rejestracja na tej stronie pozwala uzyska\u0107 dost\u0119p do statusu i historii zam\u00f3wie\u0144. Wystarczy wype\u0142ni\u0107 poni\u017csze pola, a my szybko za\u0142o\u017cymy nowe konto. Poprosimy Ci\u0119 tylko o informacje niezb\u0119dne do szybszego i \u0142atwiejszego przeprowadzenia procesu zakupu.<\/div>\n\t\t\t\n\t\t\t\n\t\t\t<a href=\"#\" rel=\"nofollow noopener\" class=\"btn wd-switch-to-register\" data-login=\"Login\" data-login-title=\"Login\" data-reg-title=\"Rejestracja\" data-register=\"Register\">Register<\/a>\n\n\t\t<\/div>\n\t\n<\/div>\n\n<\/div>\n\n<\/div>","protected":false},"excerpt":{"rendered":"","protected":false},"author":1,"featured_media":0,"parent":0,"menu_order":0,"comment_status":"closed","ping_status":"closed","template":"","meta":{"footnotes":""},"class_list":["post-22488","page","type-page","status-publish","hentry"],"yoast_head":"<!-- This site is optimized with the Yoast SEO plugin v23.7 - https:\/\/yoast.com\/wordpress\/plugins\/seo\/ -->\n<title>My account -<\/title>\n<meta name=\"robots\" content=\"noindex, nofollow\" \/>\n<meta property=\"og:locale\" content=\"en_US\" \/>\n<meta property=\"og:type\" content=\"article\" \/>\n<meta property=\"og:title\" content=\"My account -\" \/>\n<meta property=\"og:url\" content=\"https:\/\/artesaniawood.com\/en\/my-account\/\" \/>\n<meta property=\"article:modified_time\" content=\"2025-01-02T08:34:40+00:00\" \/>\n<meta name=\"twitter:card\" content=\"summary_large_image\" \/>\n<meta name=\"twitter:label1\" content=\"Est. reading time\" \/>\n\t<meta name=\"twitter:data1\" content=\"1 minute\" \/>\n<script type=\"application\/ld+json\" class=\"yoast-schema-graph\">{\"@context\":\"https:\/\/schema.org\",\"@graph\":[{\"@type\":\"WebPage\",\"@id\":\"https:\/\/artesaniawood.com\/en\/my-account\/\",\"url\":\"https:\/\/artesaniawood.com\/en\/my-account\/\",\"name\":\"My account -\",\"isPartOf\":{\"@id\":\"https:\/\/artesaniawood.com\/en\/#website\"},\"datePublished\":\"2020-11-26T08:29:07+00:00\",\"dateModified\":\"2025-01-02T08:34:40+00:00\",\"breadcrumb\":{\"@id\":\"https:\/\/artesaniawood.com\/en\/my-account\/#breadcrumb\"},\"inLanguage\":\"en-US\",\"potentialAction\":[{\"@type\":\"ReadAction\",\"target\":[\"https:\/\/artesaniawood.com\/en\/my-account\/\"]}]},{\"@type\":\"BreadcrumbList\",\"@id\":\"https:\/\/artesaniawood.com\/en\/my-account\/#breadcrumb\",\"itemListElement\":[{\"@type\":\"ListItem\",\"position\":1,\"name\":\"Strona g\u0142\u00f3wna\",\"item\":\"https:\/\/artesaniawood.com\/en\/\"},{\"@type\":\"ListItem\",\"position\":2,\"name\":\"My account\"}]},{\"@type\":\"WebSite\",\"@id\":\"https:\/\/artesaniawood.com\/en\/#website\",\"url\":\"https:\/\/artesaniawood.com\/en\/\",\"name\":\"Artisan Wood - drewniane dekoracje, ekologiczne zabawki dla dzieci i modele dla doros\u0142ych.\",\"description\":\"\",\"publisher\":{\"@id\":\"https:\/\/artesaniawood.com\/en\/#organization\"},\"potentialAction\":[{\"@type\":\"SearchAction\",\"target\":{\"@type\":\"EntryPoint\",\"urlTemplate\":\"https:\/\/artesaniawood.com\/en\/?s={search_term_string}\"},\"query-input\":{\"@type\":\"PropertyValueSpecification\",\"valueRequired\":true,\"valueName\":\"search_term_string\"}}],\"inLanguage\":\"en-US\"},{\"@type\":\"Organization\",\"@id\":\"https:\/\/artesaniawood.com\/en\/#organization\",\"name\":\"Artisan Wood\",\"url\":\"https:\/\/artesaniawood.com\/en\/\",\"logo\":{\"@type\":\"ImageObject\",\"inLanguage\":\"en-US\",\"@id\":\"https:\/\/artesaniawood.com\/en\/#\/schema\/logo\/image\/\",\"url\":\"https:\/\/artesaniawood.com\/wp-content\/uploads\/2024\/03\/Color-logo-no-background.svg\",\"contentUrl\":\"https:\/\/artesaniawood.com\/wp-content\/uploads\/2024\/03\/Color-logo-no-background.svg\",\"width\":3162,\"height\":588,\"caption\":\"Artisan Wood\"},\"image\":{\"@id\":\"https:\/\/artesaniawood.com\/en\/#\/schema\/logo\/image\/\"}}]}<\/script>\n<!-- \/ Yoast SEO plugin. -->","yoast_head_json":{"title":"My account -","robots":{"index":"noindex","follow":"nofollow"},"og_locale":"en_US","og_type":"article","og_title":"My account -","og_url":"https:\/\/artesaniawood.com\/en\/my-account\/","article_modified_time":"2025-01-02T08:34:40+00:00","twitter_card":"summary_large_image","twitter_misc":{"Est. reading time":"1 minute"},"schema":{"@context":"https:\/\/schema.org","@graph":[{"@type":"WebPage","@id":"https:\/\/artesaniawood.com\/en\/my-account\/","url":"https:\/\/artesaniawood.com\/en\/my-account\/","name":"My account -","isPartOf":{"@id":"https:\/\/artesaniawood.com\/en\/#website"},"datePublished":"2020-11-26T08:29:07+00:00","dateModified":"2025-01-02T08:34:40+00:00","breadcrumb":{"@id":"https:\/\/artesaniawood.com\/en\/my-account\/#breadcrumb"},"inLanguage":"en-US","potentialAction":[{"@type":"ReadAction","target":["https:\/\/artesaniawood.com\/en\/my-account\/"]}]},{"@type":"BreadcrumbList","@id":"https:\/\/artesaniawood.com\/en\/my-account\/#breadcrumb","itemListElement":[{"@type":"ListItem","position":1,"name":"Strona g\u0142\u00f3wna","item":"https:\/\/artesaniawood.com\/en\/"},{"@type":"ListItem","position":2,"name":"My account"}]},{"@type":"WebSite","@id":"https:\/\/artesaniawood.com\/en\/#website","url":"https:\/\/artesaniawood.com\/en\/","name":"Artisan Wood - drewniane dekoracje, ekologiczne zabawki dla dzieci i modele dla doros\u0142ych.","description":"","publisher":{"@id":"https:\/\/artesaniawood.com\/en\/#organization"},"potentialAction":[{"@type":"SearchAction","target":{"@type":"EntryPoint","urlTemplate":"https:\/\/artesaniawood.com\/en\/?s={search_term_string}"},"query-input":{"@type":"PropertyValueSpecification","valueRequired":true,"valueName":"search_term_string"}}],"inLanguage":"en-US"},{"@type":"Organization","@id":"https:\/\/artesaniawood.com\/en\/#organization","name":"Artisan Wood","url":"https:\/\/artesaniawood.com\/en\/","logo":{"@type":"ImageObject","inLanguage":"en-US","@id":"https:\/\/artesaniawood.com\/en\/#\/schema\/logo\/image\/","url":"https:\/\/artesaniawood.com\/wp-content\/uploads\/2024\/03\/Color-logo-no-background.svg","contentUrl":"https:\/\/artesaniawood.com\/wp-content\/uploads\/2024\/03\/Color-logo-no-background.svg","width":3162,"height":588,"caption":"Artisan Wood"},"image":{"@id":"https:\/\/artesaniawood.com\/en\/#\/schema\/logo\/image\/"}}]}},"_links":{"self":[{"href":"https:\/\/artesaniawood.com\/en\/wp-json\/wp\/v2\/pages\/22488"}],"collection":[{"href":"https:\/\/artesaniawood.com\/en\/wp-json\/wp\/v2\/pages"}],"about":[{"href":"https:\/\/artesaniawood.com\/en\/wp-json\/wp\/v2\/types\/page"}],"author":[{"embeddable":true,"href":"https:\/\/artesaniawood.com\/en\/wp-json\/wp\/v2\/users\/1"}],"replies":[{"embeddable":true,"href":"https:\/\/artesaniawood.com\/en\/wp-json\/wp\/v2\/comments?post=22488"}],"version-history":[{"count":2,"href":"https:\/\/artesaniawood.com\/en\/wp-json\/wp\/v2\/pages\/22488\/revisions"}],"predecessor-version":[{"id":22794,"href":"https:\/\/artesaniawood.com\/en\/wp-json\/wp\/v2\/pages\/22488\/revisions\/22794"}],"wp:attachment":[{"href":"https:\/\/artesaniawood.com\/en\/wp-json\/wp\/v2\/media?parent=22488"}],"curies":[{"name":"wp","href":"https:\/\/api.w.org\/{rel}","templated":true}]}}